{"id":5762,"date":"2025-12-01T18:44:56","date_gmt":"2025-12-01T17:44:56","guid":{"rendered":"https:\/\/collectifgru.fr\/?page_id=5762"},"modified":"2026-04-15T19:01:19","modified_gmt":"2026-04-15T17:01:19","slug":"projets-architecture","status":"publish","type":"page","link":"https:\/\/collectifgru.fr\/index.php\/projets-architecture\/","title":{"rendered":"architecture"},"content":{"rendered":"\t\t<div data-elementor-type=\"wp-page\" data-elementor-id=\"5762\" class=\"elementor elementor-5762\">\n\t\t\t\t\t\t<section class=\"elementor-section elementor-top-section elementor-element elementor-element-02ffc90 elementor-section-full_width elementor-section-height-default elementor-section-height-default\" data-id=\"02ffc90\" data-element_type=\"section\">\n\t\t\t\t\t\t<div class=\"elementor-container elementor-column-gap-default\">\n\t\t\t\t\t<div class=\"elementor-column elementor-col-25 elementor-top-column elementor-element elementor-element-71c9c83\" data-id=\"71c9c83\" data-element_type=\"column\">\n\t\t\t<div class=\"elementor-widget-wrap elementor-element-populated\">\n\t\t\t\t\t\t<div class=\"elementor-element elementor-element-e5ef4da elementor-widget elementor-widget-image\" data-id=\"e5ef4da\" data-element_type=\"widget\" data-widget_type=\"image.default\">\n\t\t\t\t<div class=\"elementor-widget-container\">\n\t\t\t\t\t\t\t\t\t\t\t\t\t\t\t\t<a href=\"https:\/\/collectifgru.fr\/index.php\/2025\/12\/01\/penn-avel\/\">\n\t\t\t\t\t\t\t<img decoding=\"async\" src=\"https:\/\/collectifgru.fr\/wp-content\/uploads\/2025\/12\/DSCF9548.jpg\" class=\"attachment-full size-full wp-image-5660\" alt=\"\" \/>\t\t\t\t\t\t\t\t<\/a>\n\t\t\t\t\t\t\t\t\t\t\t\t\t\t\t<\/div>\n\t\t\t\t<\/div>\n\t\t\t\t<div class=\"elementor-element elementor-element-65b96a1 elementor-widget elementor-widget-text-editor\" data-id=\"65b96a1\" data-element_type=\"widget\" data-widget_type=\"text-editor.default\">\n\t\t\t\t<div class=\"elementor-widget-container\">\n\t\t\t\t\t\t\t\t\t<p><b>Penn Avel,<\/b> [en cours]<\/p>\t\t\t\t\t\t\t\t<\/div>\n\t\t\t\t<\/div>\n\t\t\t\t<div class=\"elementor-element elementor-element-3610905 elementor-widget elementor-widget-text-editor\" data-id=\"3610905\" data-element_type=\"widget\" data-widget_type=\"text-editor.default\">\n\t\t\t\t<div class=\"elementor-widget-container\">\n\t\t\t\t\t\t\t\t\t<div class=\"page\" title=\"Page 9\"><div class=\"layoutArea\"><div class=\"column\"><p>R\u00e9novation d&rsquo;un b\u00e2timent en salle multifonction.<br \/>LE CROISIC, FRANCE<\/p><\/div><\/div><\/div>\t\t\t\t\t\t\t\t<\/div>\n\t\t\t\t<\/div>\n\t\t\t\t\t<\/div>\n\t\t<\/div>\n\t\t\t\t<div class=\"elementor-column elementor-col-25 elementor-top-column elementor-element elementor-element-de74b8b\" data-id=\"de74b8b\" data-element_type=\"column\">\n\t\t\t<div class=\"elementor-widget-wrap elementor-element-populated\">\n\t\t\t\t\t\t<div class=\"elementor-element elementor-element-68a297c elementor-widget elementor-widget-image\" data-id=\"68a297c\" data-element_type=\"widget\" data-widget_type=\"image.default\">\n\t\t\t\t<div class=\"elementor-widget-container\">\n\t\t\t\t\t\t\t\t\t\t\t\t\t\t\t\t<a href=\"https:\/\/collectifgru.fr\/index.php\/2025\/11\/24\/a-benn-ter\/\">\n\t\t\t\t\t\t\t<img fetchpriority=\"high\" decoding=\"async\" width=\"1707\" height=\"2560\" src=\"https:\/\/collectifgru.fr\/wp-content\/uploads\/2025\/11\/IMG_2059-scaled.jpg\" class=\"attachment-full size-full wp-image-5464\" alt=\"\" srcset=\"https:\/\/collectifgru.fr\/wp-content\/uploads\/2025\/11\/IMG_2059-scaled.jpg 1707w, https:\/\/collectifgru.fr\/wp-content\/uploads\/2025\/11\/IMG_2059-200x300.jpg 200w, https:\/\/collectifgru.fr\/wp-content\/uploads\/2025\/11\/IMG_2059-683x1024.jpg 683w, https:\/\/collectifgru.fr\/wp-content\/uploads\/2025\/11\/IMG_2059-768x1152.jpg 768w, https:\/\/collectifgru.fr\/wp-content\/uploads\/2025\/11\/IMG_2059-1024x1536.jpg 1024w, https:\/\/collectifgru.fr\/wp-content\/uploads\/2025\/11\/IMG_2059-1365x2048.jpg 1365w\" sizes=\"(max-width: 1707px) 100vw, 1707px\" \/>\t\t\t\t\t\t\t\t<\/a>\n\t\t\t\t\t\t\t\t\t\t\t\t\t\t\t<\/div>\n\t\t\t\t<\/div>\n\t\t\t\t<div class=\"elementor-element elementor-element-058ce28 elementor-widget elementor-widget-text-editor\" data-id=\"058ce28\" data-element_type=\"widget\" data-widget_type=\"text-editor.default\">\n\t\t\t\t<div class=\"elementor-widget-container\">\n\t\t\t\t\t\t\t\t\t<p style=\"text-align: left;\"><strong>A Benn Ter,<\/strong><\/p>\t\t\t\t\t\t\t\t<\/div>\n\t\t\t\t<\/div>\n\t\t\t\t<div class=\"elementor-element elementor-element-ad0986a elementor-widget elementor-widget-text-editor\" data-id=\"ad0986a\" data-element_type=\"widget\" data-widget_type=\"text-editor.default\">\n\t\t\t\t<div class=\"elementor-widget-container\">\n\t\t\t\t\t\t\t\t\t<div class=\"page\" title=\"Page 9\"><div class=\"layoutArea\"><div class=\"column\"><p>Transformation d&rsquo;une annexe en habitation.\u00a0<br \/>\u00ceLE-DE-BR\u00c9HAT, FRANCE<\/p><\/div><\/div><\/div>\t\t\t\t\t\t\t\t<\/div>\n\t\t\t\t<\/div>\n\t\t\t\t\t<\/div>\n\t\t<\/div>\n\t\t\t\t<div class=\"elementor-column elementor-col-25 elementor-top-column elementor-element elementor-element-921bc27\" data-id=\"921bc27\" data-element_type=\"column\">\n\t\t\t<div class=\"elementor-widget-wrap elementor-element-populated\">\n\t\t\t\t\t\t<div class=\"elementor-element elementor-element-4f986e6 elementor-widget elementor-widget-image\" data-id=\"4f986e6\" data-element_type=\"widget\" data-widget_type=\"image.default\">\n\t\t\t\t<div class=\"elementor-widget-container\">\n\t\t\t\t\t\t\t\t\t\t\t\t\t\t\t\t<a href=\"https:\/\/collectifgru.fr\/index.php\/2020\/04\/27\/maison-beauvoir\/\">\n\t\t\t\t\t\t\t<img decoding=\"async\" width=\"1707\" height=\"2560\" src=\"https:\/\/collectifgru.fr\/wp-content\/uploads\/2025\/12\/IMG_1996-scaled.jpg\" class=\"attachment-full size-full wp-image-6169\" alt=\"\" srcset=\"https:\/\/collectifgru.fr\/wp-content\/uploads\/2025\/12\/IMG_1996-scaled.jpg 1707w, https:\/\/collectifgru.fr\/wp-content\/uploads\/2025\/12\/IMG_1996-200x300.jpg 200w, https:\/\/collectifgru.fr\/wp-content\/uploads\/2025\/12\/IMG_1996-683x1024.jpg 683w, https:\/\/collectifgru.fr\/wp-content\/uploads\/2025\/12\/IMG_1996-768x1152.jpg 768w, https:\/\/collectifgru.fr\/wp-content\/uploads\/2025\/12\/IMG_1996-1024x1536.jpg 1024w, https:\/\/collectifgru.fr\/wp-content\/uploads\/2025\/12\/IMG_1996-1365x2048.jpg 1365w\" sizes=\"(max-width: 1707px) 100vw, 1707px\" \/>\t\t\t\t\t\t\t\t<\/a>\n\t\t\t\t\t\t\t\t\t\t\t\t\t\t\t<\/div>\n\t\t\t\t<\/div>\n\t\t\t\t<div class=\"elementor-element elementor-element-32e2d3a elementor-widget elementor-widget-text-editor\" data-id=\"32e2d3a\" data-element_type=\"widget\" data-widget_type=\"text-editor.default\">\n\t\t\t\t<div class=\"elementor-widget-container\">\n\t\t\t\t\t\t\t\t\t<p style=\"text-align: left;\"><strong>Maison Beauvoir,<\/strong><\/p>\t\t\t\t\t\t\t\t<\/div>\n\t\t\t\t<\/div>\n\t\t\t\t<div class=\"elementor-element elementor-element-c54f636 elementor-widget elementor-widget-text-editor\" data-id=\"c54f636\" data-element_type=\"widget\" data-widget_type=\"text-editor.default\">\n\t\t\t\t<div class=\"elementor-widget-container\">\n\t\t\t\t\t\t\t\t\t<div class=\"page\" title=\"Page 9\"><div class=\"layoutArea\"><div class=\"column\"><p>R\u00e9novation d&rsquo;une long\u00e8re dans le Loir-et-Cher.<br \/>BOISSEAU, FRANCE<\/p><\/div><\/div><\/div>\t\t\t\t\t\t\t\t<\/div>\n\t\t\t\t<\/div>\n\t\t\t\t\t<\/div>\n\t\t<\/div>\n\t\t\t\t<div class=\"elementor-column elementor-col-25 elementor-top-column elementor-element elementor-element-a2ddfb7\" data-id=\"a2ddfb7\" data-element_type=\"column\">\n\t\t\t<div class=\"elementor-widget-wrap elementor-element-populated\">\n\t\t\t\t\t\t<div class=\"elementor-element elementor-element-0da1045 elementor-widget elementor-widget-image\" data-id=\"0da1045\" data-element_type=\"widget\" data-widget_type=\"image.default\">\n\t\t\t\t<div class=\"elementor-widget-container\">\n\t\t\t\t\t\t\t\t\t\t\t\t\t\t\t\t<a href=\"https:\/\/collectifgru.fr\/index.php\/2025\/12\/02\/la-beliere\/\">\n\t\t\t\t\t\t\t<img decoding=\"async\" width=\"1707\" height=\"2560\" src=\"https:\/\/collectifgru.fr\/wp-content\/uploads\/2025\/12\/MG_9518-scaled.jpg\" class=\"attachment-full size-full wp-image-5627\" alt=\"\" srcset=\"https:\/\/collectifgru.fr\/wp-content\/uploads\/2025\/12\/MG_9518-scaled.jpg 1707w, https:\/\/collectifgru.fr\/wp-content\/uploads\/2025\/12\/MG_9518-200x300.jpg 200w, https:\/\/collectifgru.fr\/wp-content\/uploads\/2025\/12\/MG_9518-683x1024.jpg 683w, https:\/\/collectifgru.fr\/wp-content\/uploads\/2025\/12\/MG_9518-768x1152.jpg 768w, https:\/\/collectifgru.fr\/wp-content\/uploads\/2025\/12\/MG_9518-1024x1536.jpg 1024w, https:\/\/collectifgru.fr\/wp-content\/uploads\/2025\/12\/MG_9518-1365x2048.jpg 1365w\" sizes=\"(max-width: 1707px) 100vw, 1707px\" \/>\t\t\t\t\t\t\t\t<\/a>\n\t\t\t\t\t\t\t\t\t\t\t\t\t\t\t<\/div>\n\t\t\t\t<\/div>\n\t\t\t\t<div class=\"elementor-element elementor-element-def2041 elementor-widget elementor-widget-text-editor\" data-id=\"def2041\" data-element_type=\"widget\" data-widget_type=\"text-editor.default\">\n\t\t\t\t<div class=\"elementor-widget-container\">\n\t\t\t\t\t\t\t\t\t<p><strong>La B\u00e9li\u00e8re,<\/strong><\/p>\t\t\t\t\t\t\t\t<\/div>\n\t\t\t\t<\/div>\n\t\t\t\t<div class=\"elementor-element elementor-element-61095a0 elementor-widget elementor-widget-text-editor\" data-id=\"61095a0\" data-element_type=\"widget\" data-widget_type=\"text-editor.default\">\n\t\t\t\t<div class=\"elementor-widget-container\">\n\t\t\t\t\t\t\t\t\t<div class=\"page\" title=\"Page 9\"><div class=\"layoutArea\"><div class=\"column\"><p>R\u00e9novation d&rsquo;une maison dans la Sarthe.<br \/>SAOSNES, FRANCE<\/p><\/div><\/div><\/div>\t\t\t\t\t\t\t\t<\/div>\n\t\t\t\t<\/div>\n\t\t\t\t\t<\/div>\n\t\t<\/div>\n\t\t\t\t\t<\/div>\n\t\t<\/section>\n\t\t\t\t<section class=\"elementor-section elementor-top-section elementor-element elementor-element-cdbf652 elementor-section-full_width elementor-section-height-default elementor-section-height-default\" data-id=\"cdbf652\" data-element_type=\"section\">\n\t\t\t\t\t\t<div class=\"elementor-container elementor-column-gap-default\">\n\t\t\t\t\t<div class=\"elementor-column elementor-col-25 elementor-top-column elementor-element elementor-element-134fabc\" data-id=\"134fabc\" data-element_type=\"column\">\n\t\t\t<div class=\"elementor-widget-wrap elementor-element-populated\">\n\t\t\t\t\t\t<div class=\"elementor-element elementor-element-c2a067c elementor-widget elementor-widget-image\" data-id=\"c2a067c\" data-element_type=\"widget\" data-widget_type=\"image.default\">\n\t\t\t\t<div class=\"elementor-widget-container\">\n\t\t\t\t\t\t\t\t\t\t\t\t\t\t\t\t<a href=\"https:\/\/collectifgru.fr\/index.php\/2020\/05\/26\/mezzaniche\/\">\n\t\t\t\t\t\t\t<img loading=\"lazy\" decoding=\"async\" width=\"1531\" height=\"2297\" src=\"https:\/\/collectifgru.fr\/wp-content\/uploads\/2020\/05\/IMG_1406_GB.jpg\" class=\"attachment-full size-full wp-image-2120\" alt=\"\" srcset=\"https:\/\/collectifgru.fr\/wp-content\/uploads\/2020\/05\/IMG_1406_GB.jpg 1531w, https:\/\/collectifgru.fr\/wp-content\/uploads\/2020\/05\/IMG_1406_GB-200x300.jpg 200w, https:\/\/collectifgru.fr\/wp-content\/uploads\/2020\/05\/IMG_1406_GB-683x1024.jpg 683w, https:\/\/collectifgru.fr\/wp-content\/uploads\/2020\/05\/IMG_1406_GB-768x1152.jpg 768w, https:\/\/collectifgru.fr\/wp-content\/uploads\/2020\/05\/IMG_1406_GB-1024x1536.jpg 1024w, https:\/\/collectifgru.fr\/wp-content\/uploads\/2020\/05\/IMG_1406_GB-1365x2048.jpg 1365w\" sizes=\"(max-width: 1531px) 100vw, 1531px\" \/>\t\t\t\t\t\t\t\t<\/a>\n\t\t\t\t\t\t\t\t\t\t\t\t\t\t\t<\/div>\n\t\t\t\t<\/div>\n\t\t\t\t<div class=\"elementor-element elementor-element-fe28765 elementor-widget elementor-widget-text-editor\" data-id=\"fe28765\" data-element_type=\"widget\" data-widget_type=\"text-editor.default\">\n\t\t\t\t<div class=\"elementor-widget-container\">\n\t\t\t\t\t\t\t\t\t<p><strong>Mezzaniche,<\/strong><em> avec Pierre Y. Gu\u00e9rin<\/em><\/p>\t\t\t\t\t\t\t\t<\/div>\n\t\t\t\t<\/div>\n\t\t\t\t<div class=\"elementor-element elementor-element-7d215c8 elementor-widget elementor-widget-text-editor\" data-id=\"7d215c8\" data-element_type=\"widget\" data-widget_type=\"text-editor.default\">\n\t\t\t\t<div class=\"elementor-widget-container\">\n\t\t\t\t\t\t\t\t\t<div class=\"page\" title=\"Page 9\"><div class=\"layoutArea\"><div class=\"column\"><p>Mobilier habit\u00e9 pour une maison : escalier, bureau et chambre en alc\u00f4ve.<br \/>REZ\u00c9, FRANCE<\/p><\/div><\/div><\/div>\t\t\t\t\t\t\t\t<\/div>\n\t\t\t\t<\/div>\n\t\t\t\t\t<\/div>\n\t\t<\/div>\n\t\t\t\t<div class=\"elementor-column elementor-col-25 elementor-top-column elementor-element elementor-element-f1f2e69\" data-id=\"f1f2e69\" data-element_type=\"column\">\n\t\t\t<div class=\"elementor-widget-wrap elementor-element-populated\">\n\t\t\t\t\t\t<div class=\"elementor-element elementor-element-89d0aa9 elementor-widget elementor-widget-image\" data-id=\"89d0aa9\" data-element_type=\"widget\" data-widget_type=\"image.default\">\n\t\t\t\t<div class=\"elementor-widget-container\">\n\t\t\t\t\t\t\t\t\t\t\t\t\t\t\t\t<a href=\"https:\/\/collectifgru.fr\/index.php\/2023\/09\/13\/agora\/\">\n\t\t\t\t\t\t\t<img loading=\"lazy\" decoding=\"async\" width=\"1707\" height=\"2560\" src=\"https:\/\/collectifgru.fr\/wp-content\/uploads\/2023\/09\/KANAL-scaled.jpg\" class=\"attachment-full size-full wp-image-3964\" alt=\"\" srcset=\"https:\/\/collectifgru.fr\/wp-content\/uploads\/2023\/09\/KANAL-scaled.jpg 1707w, https:\/\/collectifgru.fr\/wp-content\/uploads\/2023\/09\/KANAL-200x300.jpg 200w, https:\/\/collectifgru.fr\/wp-content\/uploads\/2023\/09\/KANAL-683x1024.jpg 683w, https:\/\/collectifgru.fr\/wp-content\/uploads\/2023\/09\/KANAL-768x1152.jpg 768w, https:\/\/collectifgru.fr\/wp-content\/uploads\/2023\/09\/KANAL-1024x1536.jpg 1024w, https:\/\/collectifgru.fr\/wp-content\/uploads\/2023\/09\/KANAL-1365x2048.jpg 1365w\" sizes=\"(max-width: 1707px) 100vw, 1707px\" \/>\t\t\t\t\t\t\t\t<\/a>\n\t\t\t\t\t\t\t\t\t\t\t\t\t\t\t<\/div>\n\t\t\t\t<\/div>\n\t\t\t\t<div class=\"elementor-element elementor-element-177842b elementor-widget elementor-widget-text-editor\" data-id=\"177842b\" data-element_type=\"widget\" data-widget_type=\"text-editor.default\">\n\t\t\t\t<div class=\"elementor-widget-container\">\n\t\t\t\t\t\t\t\t\t<p><strong>Agora, <\/strong><em>avec Traumnovelle et Aboutt<\/em><\/p>\t\t\t\t\t\t\t\t<\/div>\n\t\t\t\t<\/div>\n\t\t\t\t<div class=\"elementor-element elementor-element-19c1bbe elementor-widget elementor-widget-text-editor\" data-id=\"19c1bbe\" data-element_type=\"widget\" data-widget_type=\"text-editor.default\">\n\t\t\t\t<div class=\"elementor-widget-container\">\n\t\t\t\t\t\t\t\t\t<div class=\"page\" title=\"Page 9\"><div class=\"layoutArea\"><div class=\"column\"><p>Concours pour la cr\u00e9ation de la salle de lecture et du bookshop de Kanal Centre Pompidou.<br \/>BRUXELLES, BELGIQUE<\/p><\/div><\/div><\/div>\t\t\t\t\t\t\t\t<\/div>\n\t\t\t\t<\/div>\n\t\t\t\t\t<\/div>\n\t\t<\/div>\n\t\t\t\t<div class=\"elementor-column elementor-col-25 elementor-top-column elementor-element elementor-element-a212ee6\" data-id=\"a212ee6\" data-element_type=\"column\">\n\t\t\t<div class=\"elementor-widget-wrap elementor-element-populated\">\n\t\t\t\t\t\t<div class=\"elementor-element elementor-element-645a08e elementor-widget elementor-widget-image\" data-id=\"645a08e\" data-element_type=\"widget\" data-widget_type=\"image.default\">\n\t\t\t\t<div class=\"elementor-widget-container\">\n\t\t\t\t\t\t\t\t\t\t\t\t\t\t\t\t<a href=\"https:\/\/collectifgru.fr\/index.php\/2020\/04\/15\/atelier-b\/\">\n\t\t\t\t\t\t\t<img loading=\"lazy\" decoding=\"async\" width=\"1707\" height=\"2560\" src=\"https:\/\/collectifgru.fr\/wp-content\/uploads\/2020\/04\/IMG_1692-scaled.jpg\" class=\"attachment-full size-full wp-image-760\" alt=\"\" srcset=\"https:\/\/collectifgru.fr\/wp-content\/uploads\/2020\/04\/IMG_1692-scaled.jpg 1707w, https:\/\/collectifgru.fr\/wp-content\/uploads\/2020\/04\/IMG_1692-200x300.jpg 200w, https:\/\/collectifgru.fr\/wp-content\/uploads\/2020\/04\/IMG_1692-683x1024.jpg 683w, https:\/\/collectifgru.fr\/wp-content\/uploads\/2020\/04\/IMG_1692-768x1152.jpg 768w, https:\/\/collectifgru.fr\/wp-content\/uploads\/2020\/04\/IMG_1692-1024x1536.jpg 1024w, https:\/\/collectifgru.fr\/wp-content\/uploads\/2020\/04\/IMG_1692-1365x2048.jpg 1365w\" sizes=\"(max-width: 1707px) 100vw, 1707px\" \/>\t\t\t\t\t\t\t\t<\/a>\n\t\t\t\t\t\t\t\t\t\t\t\t\t\t\t<\/div>\n\t\t\t\t<\/div>\n\t\t\t\t<div class=\"elementor-element elementor-element-611f9b4 elementor-widget elementor-widget-text-editor\" data-id=\"611f9b4\" data-element_type=\"widget\" data-widget_type=\"text-editor.default\">\n\t\t\t\t<div class=\"elementor-widget-container\">\n\t\t\t\t\t\t\t\t\t<p><strong>Atelier B&rsquo;,<\/strong><\/p>\t\t\t\t\t\t\t\t<\/div>\n\t\t\t\t<\/div>\n\t\t\t\t<div class=\"elementor-element elementor-element-acae4b5 elementor-widget elementor-widget-text-editor\" data-id=\"acae4b5\" data-element_type=\"widget\" data-widget_type=\"text-editor.default\">\n\t\t\t\t<div class=\"elementor-widget-container\">\n\t\t\t\t\t\t\t\t\t<div class=\"page\" title=\"Page 9\"><div class=\"layoutArea\"><div class=\"column\"><p><span style=\"font-weight: 400;\">Espace de travail et de stockage dans les marais salants gu\u00e9randais.<br \/>CLIS, FRANCE<\/span><\/p><\/div><\/div><\/div>\t\t\t\t\t\t\t\t<\/div>\n\t\t\t\t<\/div>\n\t\t\t\t\t<\/div>\n\t\t<\/div>\n\t\t\t\t<div class=\"elementor-column elementor-col-25 elementor-top-column elementor-element elementor-element-d071bd3\" data-id=\"d071bd3\" data-element_type=\"column\">\n\t\t\t<div class=\"elementor-widget-wrap elementor-element-populated\">\n\t\t\t\t\t\t<div class=\"elementor-element elementor-element-230eba3 elementor-widget elementor-widget-image\" data-id=\"230eba3\" data-element_type=\"widget\" data-widget_type=\"image.default\">\n\t\t\t\t<div class=\"elementor-widget-container\">\n\t\t\t\t\t\t\t\t\t\t\t\t\t\t\t\t<a href=\"https:\/\/collectifgru.fr\/index.php\/2020\/04\/11\/ecole-de-rwinyoni\/\">\n\t\t\t\t\t\t\t<img loading=\"lazy\" decoding=\"async\" width=\"1707\" height=\"2560\" src=\"https:\/\/collectifgru.fr\/wp-content\/uploads\/2022\/12\/ERSITE.jpg\" class=\"attachment-full size-full wp-image-3769\" alt=\"\" srcset=\"https:\/\/collectifgru.fr\/wp-content\/uploads\/2022\/12\/ERSITE.jpg 1707w, https:\/\/collectifgru.fr\/wp-content\/uploads\/2022\/12\/ERSITE-200x300.jpg 200w, https:\/\/collectifgru.fr\/wp-content\/uploads\/2022\/12\/ERSITE-683x1024.jpg 683w, https:\/\/collectifgru.fr\/wp-content\/uploads\/2022\/12\/ERSITE-768x1152.jpg 768w, https:\/\/collectifgru.fr\/wp-content\/uploads\/2022\/12\/ERSITE-1024x1536.jpg 1024w, https:\/\/collectifgru.fr\/wp-content\/uploads\/2022\/12\/ERSITE-1366x2048.jpg 1366w\" sizes=\"(max-width: 1707px) 100vw, 1707px\" \/>\t\t\t\t\t\t\t\t<\/a>\n\t\t\t\t\t\t\t\t\t\t\t\t\t\t\t<\/div>\n\t\t\t\t<\/div>\n\t\t\t\t<div class=\"elementor-element elementor-element-9cae22d elementor-widget elementor-widget-text-editor\" data-id=\"9cae22d\" data-element_type=\"widget\" data-widget_type=\"text-editor.default\">\n\t\t\t\t<div class=\"elementor-widget-container\">\n\t\t\t\t\t\t\t\t\t<p><strong>\u00c9cole de Rwinyoni,<\/strong><\/p>\t\t\t\t\t\t\t\t<\/div>\n\t\t\t\t<\/div>\n\t\t\t\t<div class=\"elementor-element elementor-element-7188979 elementor-widget elementor-widget-text-editor\" data-id=\"7188979\" data-element_type=\"widget\" data-widget_type=\"text-editor.default\">\n\t\t\t\t<div class=\"elementor-widget-container\">\n\t\t\t\t\t\t\t\t\t<div class=\"page\" title=\"Page 9\"><div class=\"layoutArea\"><div class=\"column\"><p><span style=\"font-weight: 400;\">Extension de l\u2019\u00e9cole de Rwinyoni, point de convergence pour les habitants du village.<br \/>RWINYONI, RWANDA<\/span><\/p><\/div><\/div><\/div>\t\t\t\t\t\t\t\t<\/div>\n\t\t\t\t<\/div>\n\t\t\t\t\t<\/div>\n\t\t<\/div>\n\t\t\t\t\t<\/div>\n\t\t<\/section>\n\t\t\t\t<\/div>\n\t\t","protected":false},"excerpt":{"rendered":"<p>Penn Avel, [en cours] R\u00e9novation d&rsquo;un b\u00e2timent en salle multifonction.LE CROISIC, FRANCE A Benn Ter, Transformation d&rsquo;une annexe en habitation.\u00a0\u00ceLE-DE-BR\u00c9HAT, FRANCE Maison Beauvoir, R\u00e9novation d&rsquo;une long\u00e8re dans le Loir-et-Cher.BOISSEAU, FRANCE La B\u00e9li\u00e8re, R\u00e9novation d&rsquo;une maison dans la Sarthe.SAOSNES, FRANCE Mezzaniche, avec Pierre Y. Gu\u00e9rin Mobilier habit\u00e9 pour une maison : escalier, bureau et chambre en [&hellip;]<\/p>\n","protected":false},"author":1,"featured_media":0,"parent":0,"menu_order":0,"comment_status":"closed","ping_status":"closed","template":"","meta":{"ocean_post_layout":"","ocean_both_sidebars_style":"","ocean_both_sidebars_content_width":0,"ocean_both_sidebars_sidebars_width":0,"ocean_sidebar":"0","ocean_second_sidebar":"0","ocean_disable_margins":"enable","ocean_add_body_class":"","ocean_shortcode_before_top_bar":"","ocean_shortcode_after_top_bar":"","ocean_shortcode_before_header":"","ocean_shortcode_after_header":"","ocean_has_shortcode":"","ocean_shortcode_after_title":"","ocean_shortcode_before_footer_widgets":"","ocean_shortcode_after_footer_widgets":"","ocean_shortcode_before_footer_bottom":"","ocean_shortcode_after_footer_bottom":"","ocean_display_top_bar":"default","ocean_display_header":"default","ocean_header_style":"","ocean_center_header_left_menu":"0","ocean_custom_header_template":"0","ocean_custom_logo":0,"ocean_custom_retina_logo":0,"ocean_custom_logo_max_width":0,"ocean_custom_logo_tablet_max_width":0,"ocean_custom_logo_mobile_max_width":0,"ocean_custom_logo_max_height":0,"ocean_custom_logo_tablet_max_height":0,"ocean_custom_logo_mobile_max_height":0,"ocean_header_custom_menu":"0","ocean_menu_typo_font_family":"0","ocean_menu_typo_font_subset":"","ocean_menu_typo_font_size":0,"ocean_menu_typo_font_size_tablet":0,"ocean_menu_typo_font_size_mobile":0,"ocean_menu_typo_font_size_unit":"px","ocean_menu_typo_font_weight":"","ocean_menu_typo_font_weight_tablet":"","ocean_menu_typo_font_weight_mobile":"","ocean_menu_typo_transform":"","ocean_menu_typo_transform_tablet":"","ocean_menu_typo_transform_mobile":"","ocean_menu_typo_line_height":0,"ocean_menu_typo_line_height_tablet":0,"ocean_menu_typo_line_height_mobile":0,"ocean_menu_typo_line_height_unit":"","ocean_menu_typo_spacing":0,"ocean_menu_typo_spacing_tablet":0,"ocean_menu_typo_spacing_mobile":0,"ocean_menu_typo_spacing_unit":"","ocean_menu_link_color":"","ocean_menu_link_color_hover":"","ocean_menu_link_color_active":"","ocean_menu_link_background":"","ocean_menu_link_hover_background":"","ocean_menu_link_active_background":"","ocean_menu_social_links_bg":"","ocean_menu_social_hover_links_bg":"","ocean_menu_social_links_color":"","ocean_menu_social_hover_links_color":"","ocean_disable_title":"default","ocean_disable_heading":"default","ocean_post_title":"","ocean_post_subheading":"","ocean_post_title_style":"","ocean_post_title_background_color":"","ocean_post_title_background":0,"ocean_post_title_bg_image_position":"","ocean_post_title_bg_image_attachment":"","ocean_post_title_bg_image_repeat":"","ocean_post_title_bg_image_size":"","ocean_post_title_height":0,"ocean_post_title_bg_overlay":0.5,"ocean_post_title_bg_overlay_color":"","ocean_disable_breadcrumbs":"default","ocean_breadcrumbs_color":"","ocean_breadcrumbs_separator_color":"","ocean_breadcrumbs_links_color":"","ocean_breadcrumbs_links_hover_color":"","ocean_display_footer_widgets":"default","ocean_display_footer_bottom":"default","ocean_custom_footer_template":"0","footnotes":""},"class_list":["post-5762","page","type-page","status-publish","hentry","entry"],"_links":{"self":[{"href":"https:\/\/collectifgru.fr\/index.php\/wp-json\/wp\/v2\/pages\/5762","targetHints":{"allow":["GET"]}}],"collection":[{"href":"https:\/\/collectifgru.fr\/index.php\/wp-json\/wp\/v2\/pages"}],"about":[{"href":"https:\/\/collectifgru.fr\/index.php\/wp-json\/wp\/v2\/types\/page"}],"author":[{"embeddable":true,"href":"https:\/\/collectifgru.fr\/index.php\/wp-json\/wp\/v2\/users\/1"}],"replies":[{"embeddable":true,"href":"https:\/\/collectifgru.fr\/index.php\/wp-json\/wp\/v2\/comments?post=5762"}],"version-history":[{"count":47,"href":"https:\/\/collectifgru.fr\/index.php\/wp-json\/wp\/v2\/pages\/5762\/revisions"}],"predecessor-version":[{"id":6488,"href":"https:\/\/collectifgru.fr\/index.php\/wp-json\/wp\/v2\/pages\/5762\/revisions\/6488"}],"wp:attachment":[{"href":"https:\/\/collectifgru.fr\/index.php\/wp-json\/wp\/v2\/media?parent=5762"}],"curies":[{"name":"wp","href":"https:\/\/api.w.org\/{rel}","templated":true}]}}